{"id":1057,"date":"2022-01-11T09:56:21","date_gmt":"2022-01-11T08:56:21","guid":{"rendered":"https:\/\/www.pej22.es\/inicio\/"},"modified":"2022-07-14T12:30:12","modified_gmt":"2022-07-14T10:30:12","slug":"inicio","status":"publish","type":"page","link":"https:\/\/www.pej22.es\/en\/","title":{"rendered":"Home"},"content":{"rendered":"","protected":false},"excerpt":{"rendered":"","protected":false},"author":1,"featured_media":0,"parent":0,"menu_order":0,"comment_status":"closed","ping_status":"closed","template":"page-inicio.php","meta":{"footnotes":""},"class_list":["post-1057","page","type-page","status-publish","hentry","entry"],"acf":[],"yoast_head":"<!-- This site is optimized with the Yoast SEO plugin v19.9 - https:\/\/yoast.com\/wordpress\/plugins\/seo\/ -->\n<title>Home | Peregrinaci\u00f3n Europea de j\u00f3venes<\/title>\n<meta name=\"description\" content=\"Youth European Pilgrimage\" \/>\n<meta name=\"robots\" content=\"index, follow, max-snippet:-1, max-image-preview:large, max-video-preview:-1\" \/>\n<link rel=\"canonical\" href=\"https:\/\/www.pej22.es\/en\/inicio\/\" \/>\n<meta property=\"og:locale\" content=\"en_US\" \/>\n<meta property=\"og:type\" content=\"article\" \/>\n<meta property=\"og:title\" content=\"Home | Peregrinaci\u00f3n Europea de j\u00f3venes\" \/>\n<meta property=\"og:description\" content=\"Youth European Pilgrimage\" \/>\n<meta property=\"og:url\" content=\"https:\/\/www.pej22.es\/en\/inicio\/\" \/>\n<meta property=\"og:site_name\" content=\"Peregrinaci\u00f3n Europea de j\u00f3venes\" \/>\n<meta property=\"article:modified_time\" content=\"2022-07-14T10:30:12+00:00\" \/>\n<meta name=\"twitter:card\" content=\"summary_large_image\" \/>\n<script type=\"application\/ld+json\" class=\"yoast-schema-graph\">{\"@context\":\"https:\/\/schema.org\",\"@graph\":[{\"@type\":\"WebPage\",\"@id\":\"https:\/\/www.pej22.es\/en\/inicio\/\",\"url\":\"https:\/\/www.pej22.es\/en\/inicio\/\",\"name\":\"Home | Peregrinaci\u00f3n Europea de j\u00f3venes\",\"isPartOf\":{\"@id\":\"https:\/\/www.pej22.es\/#website\"},\"datePublished\":\"2022-01-11T08:56:21+00:00\",\"dateModified\":\"2022-07-14T10:30:12+00:00\",\"description\":\"Youth European Pilgrimage\",\"breadcrumb\":{\"@id\":\"https:\/\/www.pej22.es\/en\/inicio\/#breadcrumb\"},\"inLanguage\":\"en-US\",\"potentialAction\":[{\"@type\":\"ReadAction\",\"target\":[\"https:\/\/www.pej22.es\/en\/inicio\/\"]}]},{\"@type\":\"BreadcrumbList\",\"@id\":\"https:\/\/www.pej22.es\/en\/inicio\/#breadcrumb\",\"itemListElement\":[{\"@type\":\"ListItem\",\"position\":1,\"name\":\"Portada\",\"item\":\"https:\/\/www.pej22.es\/en\/inicio\/\"},{\"@type\":\"ListItem\",\"position\":2,\"name\":\"Home\"}]},{\"@type\":\"WebSite\",\"@id\":\"https:\/\/www.pej22.es\/#website\",\"url\":\"https:\/\/www.pej22.es\/\",\"name\":\"Peregrinaci\u00f3n Europea de j\u00f3venes\",\"description\":\"Peregrinaci\u00f3n Europea de j\u00f3venes\",\"potentialAction\":[{\"@type\":\"SearchAction\",\"target\":{\"@type\":\"EntryPoint\",\"urlTemplate\":\"https:\/\/www.pej22.es\/?s={search_term_string}\"},\"query-input\":\"required name=search_term_string\"}],\"inLanguage\":\"en-US\"}]}<\/script>\n<!-- \/ Yoast SEO plugin. -->","yoast_head_json":{"title":"Home | Peregrinaci\u00f3n Europea de j\u00f3venes","description":"Youth European Pilgrimage","robots":{"index":"index","follow":"follow","max-snippet":"max-snippet:-1","max-image-preview":"max-image-preview:large","max-video-preview":"max-video-preview:-1"},"canonical":"https:\/\/www.pej22.es\/en\/inicio\/","og_locale":"en_US","og_type":"article","og_title":"Home | Peregrinaci\u00f3n Europea de j\u00f3venes","og_description":"Youth European Pilgrimage","og_url":"https:\/\/www.pej22.es\/en\/inicio\/","og_site_name":"Peregrinaci\u00f3n Europea de j\u00f3venes","article_modified_time":"2022-07-14T10:30:12+00:00","twitter_card":"summary_large_image","schema":{"@context":"https:\/\/schema.org","@graph":[{"@type":"WebPage","@id":"https:\/\/www.pej22.es\/en\/inicio\/","url":"https:\/\/www.pej22.es\/en\/inicio\/","name":"Home | Peregrinaci\u00f3n Europea de j\u00f3venes","isPartOf":{"@id":"https:\/\/www.pej22.es\/#website"},"datePublished":"2022-01-11T08:56:21+00:00","dateModified":"2022-07-14T10:30:12+00:00","description":"Youth European Pilgrimage","breadcrumb":{"@id":"https:\/\/www.pej22.es\/en\/inicio\/#breadcrumb"},"inLanguage":"en-US","potentialAction":[{"@type":"ReadAction","target":["https:\/\/www.pej22.es\/en\/inicio\/"]}]},{"@type":"BreadcrumbList","@id":"https:\/\/www.pej22.es\/en\/inicio\/#breadcrumb","itemListElement":[{"@type":"ListItem","position":1,"name":"Portada","item":"https:\/\/www.pej22.es\/en\/inicio\/"},{"@type":"ListItem","position":2,"name":"Home"}]},{"@type":"WebSite","@id":"https:\/\/www.pej22.es\/#website","url":"https:\/\/www.pej22.es\/","name":"Peregrinaci\u00f3n Europea de j\u00f3venes","description":"Peregrinaci\u00f3n Europea de j\u00f3venes","potentialAction":[{"@type":"SearchAction","target":{"@type":"EntryPoint","urlTemplate":"https:\/\/www.pej22.es\/?s={search_term_string}"},"query-input":"required name=search_term_string"}],"inLanguage":"en-US"}]}},"post_mailing_queue_ids":[],"_links":{"self":[{"href":"https:\/\/www.pej22.es\/en\/wp-json\/wp\/v2\/pages\/1057","targetHints":{"allow":["GET"]}}],"collection":[{"href":"https:\/\/www.pej22.es\/en\/wp-json\/wp\/v2\/pages"}],"about":[{"href":"https:\/\/www.pej22.es\/en\/wp-json\/wp\/v2\/types\/page"}],"author":[{"embeddable":true,"href":"https:\/\/www.pej22.es\/en\/wp-json\/wp\/v2\/users\/1"}],"replies":[{"embeddable":true,"href":"https:\/\/www.pej22.es\/en\/wp-json\/wp\/v2\/comments?post=1057"}],"version-history":[{"count":4,"href":"https:\/\/www.pej22.es\/en\/wp-json\/wp\/v2\/pages\/1057\/revisions"}],"predecessor-version":[{"id":1061,"href":"https:\/\/www.pej22.es\/en\/wp-json\/wp\/v2\/pages\/1057\/revisions\/1061"}],"wp:attachment":[{"href":"https:\/\/www.pej22.es\/en\/wp-json\/wp\/v2\/media?parent=1057"}],"curies":[{"name":"wp","href":"https:\/\/api.w.org\/{rel}","templated":true}]}}