{"id":1113,"date":"2022-07-11T12:09:32","date_gmt":"2022-07-11T10:09:32","guid":{"rendered":"https:\/\/www.pej22.es\/how-to-participate\/"},"modified":"2022-07-12T09:58:19","modified_gmt":"2022-07-12T07:58:19","slug":"how-to-participate","status":"publish","type":"page","link":"https:\/\/www.pej22.es\/en\/how-to-participate\/","title":{"rendered":"How to PARTICIPATE"},"content":{"rendered":"<p>Enrollment in the PEJ22 must be done through the Diocesan Delegations of Youth Ministry, it can also be done through the Movements and Congregations at the national level. You can then search for your reality contact so you can communicate with them If you cannot find the contact of your reality, write to us at <a href=\"mailto:info@pej22.es\">info@pej22.es<\/a> and we will inform you.<\/p>\n","protected":false},"excerpt":{"rendered":"<p>Enrollment in the PEJ22 must be done through the Diocesan Delegations of Youth Ministry, it can also be done through the Movements and Congregations at the national level. You can then search for your reality contact so you can communicate with them If you cannot find the contact of your reality, write to us at&hellip; <a class=\"more-link\" href=\"https:\/\/www.pej22.es\/en\/how-to-participate\/\">Continue reading <span class=\"screen-reader-text\">How to PARTICIPATE<\/span><\/a><\/p>\n","protected":false},"author":1,"featured_media":0,"parent":0,"menu_order":0,"comment_status":"closed","ping_status":"closed","template":"page-participar.php","meta":{"footnotes":""},"class_list":["post-1113","page","type-page","status-publish","hentry","entry"],"acf":[],"yoast_head":"<!-- This site is optimized with the Yoast SEO plugin v19.9 - https:\/\/yoast.com\/wordpress\/plugins\/seo\/ -->\n<title>How to PARTICIPATE | Peregrinaci\u00f3n Europea de j\u00f3venes<\/title>\n<meta name=\"robots\" content=\"index, follow, max-snippet:-1, max-image-preview:large, max-video-preview:-1\" \/>\n<link rel=\"canonical\" href=\"https:\/\/www.pej22.es\/en\/how-to-participate\/\" \/>\n<meta property=\"og:locale\" content=\"en_US\" \/>\n<meta property=\"og:type\" content=\"article\" \/>\n<meta property=\"og:title\" content=\"How to PARTICIPATE | Peregrinaci\u00f3n Europea de j\u00f3venes\" \/>\n<meta property=\"og:description\" content=\"Enrollment in the PEJ22 must be done through the Diocesan Delegations of Youth Ministry, it can also be done through the Movements and Congregations at the national level. You can then search for your reality contact so you can communicate with them If you cannot find the contact of your reality, write to us at&hellip; Continue reading How to PARTICIPATE\" \/>\n<meta property=\"og:url\" content=\"https:\/\/www.pej22.es\/en\/how-to-participate\/\" \/>\n<meta property=\"og:site_name\" content=\"Peregrinaci\u00f3n Europea de j\u00f3venes\" \/>\n<meta property=\"article:modified_time\" content=\"2022-07-12T07:58:19+00:00\" \/>\n<meta name=\"twitter:card\" content=\"summary_large_image\" \/>\n<script type=\"application\/ld+json\" class=\"yoast-schema-graph\">{\"@context\":\"https:\/\/schema.org\",\"@graph\":[{\"@type\":\"WebPage\",\"@id\":\"https:\/\/www.pej22.es\/en\/how-to-participate\/\",\"url\":\"https:\/\/www.pej22.es\/en\/how-to-participate\/\",\"name\":\"How to PARTICIPATE | Peregrinaci\u00f3n Europea de j\u00f3venes\",\"isPartOf\":{\"@id\":\"https:\/\/www.pej22.es\/#website\"},\"datePublished\":\"2022-07-11T10:09:32+00:00\",\"dateModified\":\"2022-07-12T07:58:19+00:00\",\"breadcrumb\":{\"@id\":\"https:\/\/www.pej22.es\/en\/how-to-participate\/#breadcrumb\"},\"inLanguage\":\"en-US\",\"potentialAction\":[{\"@type\":\"ReadAction\",\"target\":[\"https:\/\/www.pej22.es\/en\/how-to-participate\/\"]}]},{\"@type\":\"BreadcrumbList\",\"@id\":\"https:\/\/www.pej22.es\/en\/how-to-participate\/#breadcrumb\",\"itemListElement\":[{\"@type\":\"ListItem\",\"position\":1,\"name\":\"Portada\",\"item\":\"https:\/\/www.pej22.es\/en\/inicio\/\"},{\"@type\":\"ListItem\",\"position\":2,\"name\":\"How to PARTICIPATE\"}]},{\"@type\":\"WebSite\",\"@id\":\"https:\/\/www.pej22.es\/#website\",\"url\":\"https:\/\/www.pej22.es\/\",\"name\":\"Peregrinaci\u00f3n Europea de j\u00f3venes\",\"description\":\"Peregrinaci\u00f3n Europea de j\u00f3venes\",\"potentialAction\":[{\"@type\":\"SearchAction\",\"target\":{\"@type\":\"EntryPoint\",\"urlTemplate\":\"https:\/\/www.pej22.es\/?s={search_term_string}\"},\"query-input\":\"required name=search_term_string\"}],\"inLanguage\":\"en-US\"}]}<\/script>\n<!-- \/ Yoast SEO plugin. -->","yoast_head_json":{"title":"How to PARTICIPATE | Peregrinaci\u00f3n Europea de j\u00f3venes","robots":{"index":"index","follow":"follow","max-snippet":"max-snippet:-1","max-image-preview":"max-image-preview:large","max-video-preview":"max-video-preview:-1"},"canonical":"https:\/\/www.pej22.es\/en\/how-to-participate\/","og_locale":"en_US","og_type":"article","og_title":"How to PARTICIPATE | Peregrinaci\u00f3n Europea de j\u00f3venes","og_description":"Enrollment in the PEJ22 must be done through the Diocesan Delegations of Youth Ministry, it can also be done through the Movements and Congregations at the national level. You can then search for your reality contact so you can communicate with them If you cannot find the contact of your reality, write to us at&hellip; Continue reading How to PARTICIPATE","og_url":"https:\/\/www.pej22.es\/en\/how-to-participate\/","og_site_name":"Peregrinaci\u00f3n Europea de j\u00f3venes","article_modified_time":"2022-07-12T07:58:19+00:00","twitter_card":"summary_large_image","schema":{"@context":"https:\/\/schema.org","@graph":[{"@type":"WebPage","@id":"https:\/\/www.pej22.es\/en\/how-to-participate\/","url":"https:\/\/www.pej22.es\/en\/how-to-participate\/","name":"How to PARTICIPATE | Peregrinaci\u00f3n Europea de j\u00f3venes","isPartOf":{"@id":"https:\/\/www.pej22.es\/#website"},"datePublished":"2022-07-11T10:09:32+00:00","dateModified":"2022-07-12T07:58:19+00:00","breadcrumb":{"@id":"https:\/\/www.pej22.es\/en\/how-to-participate\/#breadcrumb"},"inLanguage":"en-US","potentialAction":[{"@type":"ReadAction","target":["https:\/\/www.pej22.es\/en\/how-to-participate\/"]}]},{"@type":"BreadcrumbList","@id":"https:\/\/www.pej22.es\/en\/how-to-participate\/#breadcrumb","itemListElement":[{"@type":"ListItem","position":1,"name":"Portada","item":"https:\/\/www.pej22.es\/en\/inicio\/"},{"@type":"ListItem","position":2,"name":"How to PARTICIPATE"}]},{"@type":"WebSite","@id":"https:\/\/www.pej22.es\/#website","url":"https:\/\/www.pej22.es\/","name":"Peregrinaci\u00f3n Europea de j\u00f3venes","description":"Peregrinaci\u00f3n Europea de j\u00f3venes","potentialAction":[{"@type":"SearchAction","target":{"@type":"EntryPoint","urlTemplate":"https:\/\/www.pej22.es\/?s={search_term_string}"},"query-input":"required name=search_term_string"}],"inLanguage":"en-US"}]}},"post_mailing_queue_ids":[],"_links":{"self":[{"href":"https:\/\/www.pej22.es\/en\/wp-json\/wp\/v2\/pages\/1113","targetHints":{"allow":["GET"]}}],"collection":[{"href":"https:\/\/www.pej22.es\/en\/wp-json\/wp\/v2\/pages"}],"about":[{"href":"https:\/\/www.pej22.es\/en\/wp-json\/wp\/v2\/types\/page"}],"author":[{"embeddable":true,"href":"https:\/\/www.pej22.es\/en\/wp-json\/wp\/v2\/users\/1"}],"replies":[{"embeddable":true,"href":"https:\/\/www.pej22.es\/en\/wp-json\/wp\/v2\/comments?post=1113"}],"version-history":[{"count":1,"href":"https:\/\/www.pej22.es\/en\/wp-json\/wp\/v2\/pages\/1113\/revisions"}],"predecessor-version":[{"id":1600,"href":"https:\/\/www.pej22.es\/en\/wp-json\/wp\/v2\/pages\/1113\/revisions\/1600"}],"wp:attachment":[{"href":"https:\/\/www.pej22.es\/en\/wp-json\/wp\/v2\/media?parent=1113"}],"curies":[{"name":"wp","href":"https:\/\/api.w.org\/{rel}","templated":true}]}}