{"id":1597,"date":"2022-07-12T09:56:38","date_gmt":"2022-07-12T07:56:38","guid":{"rendered":"https:\/\/www.pej22.es\/como-participar\/"},"modified":"2022-07-12T09:56:38","modified_gmt":"2022-07-12T07:56:38","slug":"como-participar","status":"publish","type":"page","link":"https:\/\/www.pej22.es\/pt-pt\/como-participar\/","title":{"rendered":"Como participar"},"content":{"rendered":"<p>As inscri\u00e7\u00f5es na PEJ22 devem ser feitas atrav\u00e9s das Delega\u00e7\u00f5es Diocesanas do Minist\u00e9rio da Juventude, podendo tamb\u00e9m ser feita atrav\u00e9s dos Movimentos e Congrega\u00e7\u00f5es de \u00e2mbito nacional. Em seguida, pode procurar o contacto da sua realidade para que possa comunicar com elas. Se n\u00e3o encontrar o contacto da sua realidade, escreva-nos no e-mail <a href=\"mailto:info@pej22.es\">info@pej22.es<\/a> e informaremos-o.<\/p>\n","protected":false},"excerpt":{"rendered":"<p>As inscri\u00e7\u00f5es na PEJ22 devem ser feitas atrav\u00e9s das Delega\u00e7\u00f5es Diocesanas do Minist\u00e9rio da Juventude, podendo tamb\u00e9m ser feita atrav\u00e9s dos Movimentos e Congrega\u00e7\u00f5es de \u00e2mbito nacional. Em seguida, pode procurar o contacto da sua realidade para que possa comunicar com elas. Se n\u00e3o encontrar o contacto da sua realidade, escreva-nos no e-mail info@pej22.es e&hellip; <a class=\"more-link\" href=\"https:\/\/www.pej22.es\/pt-pt\/como-participar\/\">Continue reading <span class=\"screen-reader-text\">Como participar<\/span><\/a><\/p>\n","protected":false},"author":1,"featured_media":0,"parent":0,"menu_order":0,"comment_status":"closed","ping_status":"closed","template":"page-participar.php","meta":{"footnotes":""},"class_list":["post-1597","page","type-page","status-publish","hentry","entry"],"acf":[],"yoast_head":"<!-- This site is optimized with the Yoast SEO plugin v19.9 - https:\/\/yoast.com\/wordpress\/plugins\/seo\/ -->\n<title>Como participar | Peregrinaci\u00f3n Europea de j\u00f3venes<\/title>\n<meta name=\"robots\" content=\"index, follow, max-snippet:-1, max-image-preview:large, max-video-preview:-1\" \/>\n<link rel=\"canonical\" href=\"https:\/\/www.pej22.es\/como-participar\/\" \/>\n<meta property=\"og:locale\" content=\"pt_PT\" \/>\n<meta property=\"og:type\" content=\"article\" \/>\n<meta property=\"og:title\" content=\"Como participar | Peregrinaci\u00f3n Europea de j\u00f3venes\" \/>\n<meta property=\"og:description\" content=\"As inscri\u00e7\u00f5es na PEJ22 devem ser feitas atrav\u00e9s das Delega\u00e7\u00f5es Diocesanas do Minist\u00e9rio da Juventude, podendo tamb\u00e9m ser feita atrav\u00e9s dos Movimentos e Congrega\u00e7\u00f5es de \u00e2mbito nacional. Em seguida, pode procurar o contacto da sua realidade para que possa comunicar com elas. Se n\u00e3o encontrar o contacto da sua realidade, escreva-nos no e-mail info@pej22.es e&hellip; Continue reading Como participar\" \/>\n<meta property=\"og:url\" content=\"https:\/\/www.pej22.es\/como-participar\/\" \/>\n<meta property=\"og:site_name\" content=\"Peregrinaci\u00f3n Europea de j\u00f3venes\" \/>\n<meta name=\"twitter:card\" content=\"summary_large_image\" \/>\n<script type=\"application\/ld+json\" class=\"yoast-schema-graph\">{\"@context\":\"https:\/\/schema.org\",\"@graph\":[{\"@type\":\"WebPage\",\"@id\":\"https:\/\/www.pej22.es\/como-participar\/\",\"url\":\"https:\/\/www.pej22.es\/como-participar\/\",\"name\":\"Como participar | Peregrinaci\u00f3n Europea de j\u00f3venes\",\"isPartOf\":{\"@id\":\"https:\/\/www.pej22.es\/#website\"},\"datePublished\":\"2022-07-12T07:56:38+00:00\",\"dateModified\":\"2022-07-12T07:56:38+00:00\",\"breadcrumb\":{\"@id\":\"https:\/\/www.pej22.es\/como-participar\/#breadcrumb\"},\"inLanguage\":\"pt-PT\",\"potentialAction\":[{\"@type\":\"ReadAction\",\"target\":[\"https:\/\/www.pej22.es\/como-participar\/\"]}]},{\"@type\":\"BreadcrumbList\",\"@id\":\"https:\/\/www.pej22.es\/como-participar\/#breadcrumb\",\"itemListElement\":[{\"@type\":\"ListItem\",\"position\":1,\"name\":\"Portada\",\"item\":\"https:\/\/www.pej22.es\/pt-pt\/inicio\/\"},{\"@type\":\"ListItem\",\"position\":2,\"name\":\"Como participar\"}]},{\"@type\":\"WebSite\",\"@id\":\"https:\/\/www.pej22.es\/#website\",\"url\":\"https:\/\/www.pej22.es\/\",\"name\":\"Peregrinaci\u00f3n Europea de j\u00f3venes\",\"description\":\"Peregrinaci\u00f3n Europea de j\u00f3venes\",\"potentialAction\":[{\"@type\":\"SearchAction\",\"target\":{\"@type\":\"EntryPoint\",\"urlTemplate\":\"https:\/\/www.pej22.es\/?s={search_term_string}\"},\"query-input\":\"required name=search_term_string\"}],\"inLanguage\":\"pt-PT\"}]}<\/script>\n<!-- \/ Yoast SEO plugin. -->","yoast_head_json":{"title":"Como participar | Peregrinaci\u00f3n Europea de j\u00f3venes","robots":{"index":"index","follow":"follow","max-snippet":"max-snippet:-1","max-image-preview":"max-image-preview:large","max-video-preview":"max-video-preview:-1"},"canonical":"https:\/\/www.pej22.es\/como-participar\/","og_locale":"pt_PT","og_type":"article","og_title":"Como participar | Peregrinaci\u00f3n Europea de j\u00f3venes","og_description":"As inscri\u00e7\u00f5es na PEJ22 devem ser feitas atrav\u00e9s das Delega\u00e7\u00f5es Diocesanas do Minist\u00e9rio da Juventude, podendo tamb\u00e9m ser feita atrav\u00e9s dos Movimentos e Congrega\u00e7\u00f5es de \u00e2mbito nacional. Em seguida, pode procurar o contacto da sua realidade para que possa comunicar com elas. Se n\u00e3o encontrar o contacto da sua realidade, escreva-nos no e-mail info@pej22.es e&hellip; Continue reading Como participar","og_url":"https:\/\/www.pej22.es\/como-participar\/","og_site_name":"Peregrinaci\u00f3n Europea de j\u00f3venes","twitter_card":"summary_large_image","schema":{"@context":"https:\/\/schema.org","@graph":[{"@type":"WebPage","@id":"https:\/\/www.pej22.es\/como-participar\/","url":"https:\/\/www.pej22.es\/como-participar\/","name":"Como participar | Peregrinaci\u00f3n Europea de j\u00f3venes","isPartOf":{"@id":"https:\/\/www.pej22.es\/#website"},"datePublished":"2022-07-12T07:56:38+00:00","dateModified":"2022-07-12T07:56:38+00:00","breadcrumb":{"@id":"https:\/\/www.pej22.es\/como-participar\/#breadcrumb"},"inLanguage":"pt-PT","potentialAction":[{"@type":"ReadAction","target":["https:\/\/www.pej22.es\/como-participar\/"]}]},{"@type":"BreadcrumbList","@id":"https:\/\/www.pej22.es\/como-participar\/#breadcrumb","itemListElement":[{"@type":"ListItem","position":1,"name":"Portada","item":"https:\/\/www.pej22.es\/pt-pt\/inicio\/"},{"@type":"ListItem","position":2,"name":"Como participar"}]},{"@type":"WebSite","@id":"https:\/\/www.pej22.es\/#website","url":"https:\/\/www.pej22.es\/","name":"Peregrinaci\u00f3n Europea de j\u00f3venes","description":"Peregrinaci\u00f3n Europea de j\u00f3venes","potentialAction":[{"@type":"SearchAction","target":{"@type":"EntryPoint","urlTemplate":"https:\/\/www.pej22.es\/?s={search_term_string}"},"query-input":"required name=search_term_string"}],"inLanguage":"pt-PT"}]}},"post_mailing_queue_ids":[],"_links":{"self":[{"href":"https:\/\/www.pej22.es\/pt-pt\/wp-json\/wp\/v2\/pages\/1597","targetHints":{"allow":["GET"]}}],"collection":[{"href":"https:\/\/www.pej22.es\/pt-pt\/wp-json\/wp\/v2\/pages"}],"about":[{"href":"https:\/\/www.pej22.es\/pt-pt\/wp-json\/wp\/v2\/types\/page"}],"author":[{"embeddable":true,"href":"https:\/\/www.pej22.es\/pt-pt\/wp-json\/wp\/v2\/users\/1"}],"replies":[{"embeddable":true,"href":"https:\/\/www.pej22.es\/pt-pt\/wp-json\/wp\/v2\/comments?post=1597"}],"version-history":[{"count":0,"href":"https:\/\/www.pej22.es\/pt-pt\/wp-json\/wp\/v2\/pages\/1597\/revisions"}],"wp:attachment":[{"href":"https:\/\/www.pej22.es\/pt-pt\/wp-json\/wp\/v2\/media?parent=1597"}],"curies":[{"name":"wp","href":"https:\/\/api.w.org\/{rel}","templated":true}]}}